{"id":457,"date":"2017-02-15T22:41:16","date_gmt":"2017-02-15T21:41:16","guid":{"rendered":"http:\/\/localhost\/wordpress\/?page_id=457"},"modified":"2017-02-15T22:41:16","modified_gmt":"2017-02-15T21:41:16","slug":"notruf-absetzen","status":"publish","type":"page","link":"https:\/\/fw-hardt.de\/?page_id=457","title":{"rendered":"Notruf absetzen"},"content":{"rendered":"<p><img loading=\"lazy\" decoding=\"async\" width=\"220\" height=\"220\" src=\"https:\/\/fw-hardt.de\/wp-content\/uploads\/2017\/04\/Logo-notruf-112-europaweit.svg_.png\" alt=\"\" srcset=\"https:\/\/fw-hardt.de\/wp-content\/uploads\/2017\/04\/Logo-notruf-112-europaweit.svg_.png 220w, https:\/\/fw-hardt.de\/wp-content\/uploads\/2017\/04\/Logo-notruf-112-europaweit.svg_-150x150.png 150w\" sizes=\"(max-width: 220px) 100vw, 220px\" \/>\t\t\t\t\t\t\t\t\t\t\t<\/p>\n<p>\u00dcber die europaweit einheitliche Notrufnummer 112 kann zu jeder Zeit die professionelle Hilfe von Feuerwehr und Rettungsdienst in Anspruch genommen werden. Der Notruf ist auch aus dem Mobilfunknetz garantiert kostenfrei und kann ohne Vorwahl\u00a0gew\u00e4hlt werden.<\/p>\n<p>Die 112 funktioniert in allen EU-Staaten, der Schweiz, Island und Norwegen sowie in weiteren EU-Nachbarstaaten wie Bosnien-Herzegowina, Kosovo, Mazedonien, Montenegro, der Republik Moldau, Russland, Serbien, T\u00fcrkei und der Ukraine.<\/p>\n<p>Der Notruf verbindet den\u00a0Hilfesuchenden automatisch mit der n\u00e4chstgelegenen, \u00f6rtlichen Notrufzentrale.\u00a0Bitte versuche Ruhe zu bewahren und beende auf keinen Fall eigenst\u00e4ndig das Telefonat!<\/p>\n<h2>Einen Notruf absetzen<\/h2>\n<p>Hab keine Angst die Notrufnummer 112 zu w\u00e4hlen! Der Disponent f\u00fchrt Dich gezielt durch das Gespr\u00e4ch und erfragt dabei alle f\u00fcr den Einsatz relevanten Informationen\u00a0nach einem\u00a0standardisierten Ablauf.<\/p>\n<p>Beantworte die Fragen m\u00f6glichst knapp und pr\u00e4zise. Die Daten werden\u00a0w\u00e4hrend dem Gespr\u00e4ch\u00a0elektronisch im Einsatzleitrechner erfasst. Dieser\u00a0alarmiert im Anschluss automatisch\u00a0die Rettungsmittel der n\u00e4chstgelegenen Feuer- und Rettungswachen, welche sich schnellstm\u00f6glich\u00a0auf den Weg zu Dir begeben.<\/p>\n<p>Ein Gro\u00dfteil der f\u00fcr den Disponenten wichtigen Informationen lassen sich in den sogenannten f\u00fcnf \u201eW-Fragen\u201c zusammenfassen:<\/p>\n<p>\t\t\t\t\t\t\t\t\t\t\t\t<a href=\"\">Wo&#8230; ist es passiert ?<\/a><\/p>\n<p>Geben Sie m\u00f6glichst genau den Ort an, an dem sich das Ungl\u00fcck ereignet hat. Bei komplizierteren \u00d6rtlichkeiten geben Sie bitte eine Wegbeschreibung, falls m\u00f6glich.<\/p>\n<p>\t\t\t\t\t\t\t\t\t\t\t\t<a href=\"\">Was&#8230; ist geschehen ?<\/a><\/p>\n<p>Beschreiben Sie den Notfall (z.B. Gro\u00dfbrand, Verkehrsunfall, \u00d6lspur\u2026).<\/p>\n<p>\t\t\t\t\t\t\t\t\t\t\t\t<a href=\"\">Wie viele&#8230; Personen sind betroffen\/ Verletzt<\/a><\/p>\n<p>Nennen Sie die Zahl der Verletzten und Vermissten. Bei Kindern bitte auch das Alter.<\/p>\n<p>\t\t\t\t\t\t\t\t\t\t\t\t<a href=\"\">Welche&#8230; Art von Verletzungen ?<\/a><\/p>\n<p>Beschreiben Sie ihre Einsch\u00e4tzung der Schwere der Verletzung \u2013 z.B. atmet nicht mehr, gro\u00dffl\u00e4chige Verbr\u00fchungen, Arm- oder Beinbruch, starke Blutung, Stromschlag usw\u2026<\/p>\n<p>\t\t\t\t\t\t\t\t\t\t\t\t<a href=\"\">Warten&#8230; auf R\u00fcckfragen !<\/a><\/p>\n<p>Das Telefongespr\u00e4ch wird in jedem Fall vom Disponenten der Rettungsleitstelle beendet. Bitte warten Sie deshalb immer auf eventuelle R\u00fcckfragen! Normalerweise f\u00e4llt darunter auch die Aufnahme der Daten des Anrufers.<\/p>\n","protected":false},"excerpt":{"rendered":"<p>\u00dcber die europaweit einheitliche Notrufnummer 112 kann zu jeder Zeit die professionelle Hilfe von Feuerwehr und Rettungsdienst in Anspruch genommen werden. Der Notruf ist auch aus dem Mobilfunknetz garantiert kostenfrei [&hellip;]<\/p>\n","protected":false},"author":1,"featured_media":5477,"parent":0,"menu_order":0,"comment_status":"closed","ping_status":"closed","template":"","meta":{"_et_pb_use_builder":"","_et_pb_old_content":"","_et_gb_content_width":"","footnotes":""},"class_list":["post-457","page","type-page","status-publish","has-post-thumbnail","hentry"],"_links":{"self":[{"href":"https:\/\/fw-hardt.de\/index.php?rest_route=\/wp\/v2\/pages\/457","targetHints":{"allow":["GET"]}}],"collection":[{"href":"https:\/\/fw-hardt.de\/index.php?rest_route=\/wp\/v2\/pages"}],"about":[{"href":"https:\/\/fw-hardt.de\/index.php?rest_route=\/wp\/v2\/types\/page"}],"author":[{"embeddable":true,"href":"https:\/\/fw-hardt.de\/index.php?rest_route=\/wp\/v2\/users\/1"}],"replies":[{"embeddable":true,"href":"https:\/\/fw-hardt.de\/index.php?rest_route=%2Fwp%2Fv2%2Fcomments&post=457"}],"version-history":[{"count":0,"href":"https:\/\/fw-hardt.de\/index.php?rest_route=\/wp\/v2\/pages\/457\/revisions"}],"wp:featuredmedia":[{"embeddable":true,"href":"https:\/\/fw-hardt.de\/index.php?rest_route=\/wp\/v2\/media\/5477"}],"wp:attachment":[{"href":"https:\/\/fw-hardt.de\/index.php?rest_route=%2Fwp%2Fv2%2Fmedia&parent=457"}],"curies":[{"name":"wp","href":"https:\/\/api.w.org\/{rel}","templated":true}]}}